{"id":917,"date":"2019-12-03T22:18:08","date_gmt":"2019-12-04T03:18:08","guid":{"rendered":"http:\/\/64.18.191.80\/compagnie\/"},"modified":"2020-06-12T08:59:09","modified_gmt":"2020-06-12T12:59:09","slug":"company","status":"publish","type":"page","link":"https:\/\/bernieres.ca\/en\/company\/","title":{"rendered":"Company"},"content":{"rendered":"\n<div class=\"wp-block-group alignwide company-ceo-message parallax\" id=\"ceo-message\"><div class=\"wp-block-group__inner-container is-layout-flow wp-block-group-is-layout-flow\">\n<div style=\"height:100px\" aria-hidden=\"true\" class=\"wp-block-spacer\"><\/div>\n\n\n\n<div class=\"wp-block-columns is-layout-flex wp-container-core-columns-is-layout-9d6595d7 wp-block-columns-is-layout-flex\">\n<div class=\"wp-block-column is-layout-flow wp-block-column-is-layout-flow\"><\/div>\n\n\n\n<div class=\"wp-block-column is-layout-flow wp-block-column-is-layout-flow\">\n<p class=\"has-text-align-left breadcrumb\"><a href=\"#ceo-message\">MESSAGE FROM THE PRESIDENT<\/a> <span>\/<\/span>  <a href=\"#profile\">COMPANY PROFILE<\/a> <span>\/<\/span>  <a href=\"#accreditations\">ACCREDITATIONS<\/a> <span>\/<\/span>  <a href=\"#safety\">SAFETY<\/a>  <span>\/<\/span>  <a href=\"#safety\">TRAINING<\/a>  <span>\/<\/span>  <a href=\"#training\">CAREERS<\/a><\/p>\n<\/div>\n<\/div>\n\n\n\n<div class=\"wp-block-columns is-layout-flex wp-container-core-columns-is-layout-9d6595d7 wp-block-columns-is-layout-flex\">\n<div class=\"wp-block-column is-layout-flow wp-block-column-is-layout-flow\">\n<div class=\"wp-block-image is-style-default\"><figure class=\"aligncenter size-large\"><img loading=\"lazy\" decoding=\"async\" width=\"640\" height=\"812\" src=\"http:\/\/bernieres.ca\/wp-content\/uploads\/2020\/02\/president-bernieres.jpg\" alt=\"\" class=\"wp-image-1245\" srcset=\"https:\/\/bernieres.ca\/wp-content\/uploads\/2020\/02\/president-bernieres.jpg 640w, https:\/\/bernieres.ca\/wp-content\/uploads\/2020\/02\/president-bernieres-236x300.jpg 236w\" sizes=\"auto, (max-width: 640px) 100vw, 640px\" \/><\/figure><\/div>\n<\/div>\n\n\n\n<div class=\"wp-block-column is-layout-flow wp-block-column-is-layout-flow\">\n<h2 class=\"wp-block-heading\">One destination,<br>your satisfaction guaranteed!<\/h2>\n\n\n\n<h3 class=\"has-accent-color has-text-color mt-30 wp-block-heading\">A cohesive and highly dedicated team<\/h3>\n\n\n\n<p><strong>MESSAGE FROM THE PRESIDENT<\/strong><\/p>\n\n\n\n<p class=\"mt-20\">Agility, creativity, determination: My team and I spare no effort in our quest to exceed our customers\u2019 expectations. Because our customers aren\u2019t just customers\u2014they\u2019re our business partners.<\/p>\n\n\n\n<p>We\u2019ve worked hard 365 days a year to maintain our position as a trusted carrier and indispensable link in your supply chain for over 25 years.<\/p>\n\n\n\n<p>Our quest for complete customer satisfaction is supported by:<\/p>\n\n\n\n<ul class=\"spaced wp-block-list\"><li>A cohesive and highly dedicated team that puts people at the forefront of business processes <\/li><li>Advanced expertise and innovative systems that allow us to offer the best rates in the industry <\/li><li>Reduced truck speeds, minimized engine idling time and minimized empty runs, all of which generate substantial savings that benefit our customers and the environment <\/li><li>Rigorous and disciplined management processes that has earned Berni\u00e8res the distinction of being cited as a reference in the industry and a leading success story by Universit\u00e9 du Qu\u00e9bec <\/li><\/ul>\n\n\n\n<p><strong>Our commitment:<\/strong> Invest all of our resources\u2014human, physical and financial\u2014into maintaining our position as a trusted industry leader. You can count on Groupe Berni\u00e8res to put you in the fast lane to success!<\/p>\n\n\n\n<p class=\"mt-20\">&#8212; <strong>Daniel Bouchard<\/strong>, Owner<\/p>\n<\/div>\n<\/div>\n\n\n\n<div style=\"height:100px\" aria-hidden=\"true\" class=\"wp-block-spacer\"><\/div>\n<\/div><\/div>\n\n\n\n<div class=\"wp-block-group company-info\" id=\"profile\"><div class=\"wp-block-group__inner-container is-layout-flow wp-block-group-is-layout-flow\">\n<div class=\"wp-block-group\" id=\"profil\"><div class=\"wp-block-group__inner-container is-layout-flow wp-block-group-is-layout-flow\">\n<div style=\"height:165px\" aria-hidden=\"true\" class=\"wp-block-spacer\"><\/div>\n\n\n\n<div class=\"wp-block-columns is-layout-flex wp-container-core-columns-is-layout-9d6595d7 wp-block-columns-is-layout-flex\">\n<div class=\"wp-block-column is-vertically-aligned-center mb-20 is-layout-flow wp-block-column-is-layout-flow\">\n<h3 class=\"has-accent-color has-text-color wp-block-heading\">Transport Berni\u00e8res by the numbers<\/h3>\n\n\n\n<div style=\"height:30px\" aria-hidden=\"true\" class=\"wp-block-spacer\"><\/div>\n\n\n\n<ul class=\"has-white-color wp-block-list\"><li>Founded: <strong>1982 <\/strong><\/li><li>Head office: <strong>Qu\u00e9bec City <\/strong><\/li><li>Private company: <strong>Daniel Bouchard<\/strong>, sole shareholder (since 1994) <\/li><li>Employees : <strong>200<\/strong><\/li><li>Fleet: <strong>400 vehicles<\/strong><ul><li>Trucks<\/li><li>Van trailers \u2013 48 feet, 2 axles<\/li><li>Van trailers \u2013 53 feet, 2 axles<\/li><li>Refrigerated trailers \u2013 53 feet, 2 axles, multi-temperature<\/li><li>Refrigerated trailers \u2013 53 feet, 3 axles, multi-temperature<\/li><\/ul><\/li><li>Mobile repair service for refrigerated units<\/li><\/ul>\n<\/div>\n\n\n\n<div class=\"wp-block-column is-layout-flow wp-block-column-is-layout-flow\">\n<h2 class=\"has-accent-color has-text-color wp-block-heading\">Flexible and reliable transportation services across North America<\/h2>\n<\/div>\n<\/div>\n\n\n\n<div style=\"height:165px\" aria-hidden=\"true\" class=\"wp-block-spacer\"><\/div>\n<\/div><\/div>\n\n\n\n<div class=\"wp-block-group\" id=\"accreditations\"><div class=\"wp-block-group__inner-container is-layout-flow wp-block-group-is-layout-flow\">\n<div style=\"height:30px\" aria-hidden=\"true\" class=\"wp-block-spacer\"><\/div>\n\n\n\n<div class=\"wp-block-columns is-layout-flex wp-container-core-columns-is-layout-9d6595d7 wp-block-columns-is-layout-flex\">\n<div class=\"wp-block-column is-layout-flow wp-block-column-is-layout-flow\" style=\"flex-basis:52%\">\n<h3 class=\"has-accent-color has-text-color wp-block-heading\">Accreditations<\/h3>\n\n\n\n<p><strong>CANADA &#8211; UNITED STATES<\/strong><\/p>\n\n\n\n<h4 class=\"has-accent-color has-text-color mt-20 wp-block-heading\">CANADIAN ACCREDITATIONS<\/h4>\n\n\n\n<ul class=\"wp-block-list\"><li>Bonded ground carrier<\/li><li>Partners in Protection (PIP) member carrier actively supporting efforts to improve safety <\/li><li>Berni\u00e8res enjoys expedited customs release through its participation in the Free and Secure Trade (FAST) program<\/li><\/ul>\n\n\n\n<h4 class=\"has-accent-color has-text-color mt-30 wp-block-heading\">US ACCREDITATIONS<\/h4>\n\n\n\n<ul class=\"wp-block-list\"><li>Bonded carrier <\/li><li>Participant in the Customs Trade Partnership Against Terrorism (CTPAT) program led by US Customs and Border Protection <\/li><li>Berni\u00e8res enjoys expedited customs release through its participation in the Free and Secure Trade (FAST) program <\/li><li>Certified to submit electronic manifests through the Automated Commercial Environment (ACE) <\/li><li>Authorized for use of advance notice protocols: Pre-Arrival Processing System (PAPS) bar codes, Food &amp; Drug Administration (FDA) Prior Notice <\/li><li>Berni\u00e8res uses PrePass transponders<\/li><\/ul>\n\n\n\n<div style=\"height:20px\" aria-hidden=\"true\" class=\"wp-block-spacer\"><\/div>\n<\/div>\n\n\n\n<div class=\"wp-block-column is-layout-flow wp-block-column-is-layout-flow\" style=\"flex-basis:48%\"><\/div>\n<\/div>\n\n\n\n<p><\/p>\n<\/div><\/div>\n\n\n\n<div class=\"wp-block-group has-accent-background-color has-background\" id=\"safety\"><div class=\"wp-block-group__inner-container is-layout-flow wp-block-group-is-layout-flow\">\n<div style=\"height:50px\" aria-hidden=\"true\" class=\"wp-block-spacer\"><\/div>\n\n\n\n<div class=\"wp-block-columns is-layout-flex wp-container-core-columns-is-layout-9d6595d7 wp-block-columns-is-layout-flex\">\n<div class=\"wp-block-column is-layout-flow wp-block-column-is-layout-flow\">\n<h2 class=\"has-white-color has-text-color safety-header wp-block-heading\">At Berni\u00e8res, we believe in safety and compliance. <\/h2>\n\n\n\n<p class=\"has-text-color has-white-color mt-10\">We recognize that our vehicles must share the road with all our fellow citizens. This is why, every day, we apply concrete measures that ensure the highest possible level of safety. <\/p>\n<\/div>\n\n\n\n<div class=\"wp-block-column is-vertically-aligned-center is-layout-flow wp-block-column-is-layout-flow\"><\/div>\n<\/div>\n\n\n\n<div class=\"wp-block-columns is-layout-flex wp-container-core-columns-is-layout-9d6595d7 wp-block-columns-is-layout-flex\">\n<div class=\"wp-block-column is-layout-flow wp-block-column-is-layout-flow\">\n<h3 class=\"has-white-color has-text-color wp-block-heading\">Safety first<\/h3>\n\n\n\n<p class=\"has-text-color has-white-color\">Any leading transportation company must prioritize the safety of both its drivers and other road users. At Groupe Berni\u00e8res, we take concrete steps to ensure that our trucks and trailers travel safely. <\/p>\n\n\n\n<ul class=\"has-white-color has-white-bullet wp-block-list\"><li>Enforcement of a 95 km\/h speed limit on highways<\/li><li>Weekly review of our drivers\u2019 on-road behaviour via analysis of the truck\u2019s black box-generated reports <\/li><li>Weekly verification of hours logged by all our drivers  <\/li><li>Ultramodern maintenance centre supported by highly qualified managers and mechanics that complies with all requirements of our SAAQ\u2011approved Preventative Maintenance Program (PMP) <\/li><\/ul>\n<\/div>\n\n\n\n<div class=\"wp-block-column is-layout-flow wp-block-column-is-layout-flow\">\n<h3 class=\"has-white-color has-text-color wp-block-heading\">Berni\u00e8res training centre<\/h3>\n\n\n\n<p class=\"has-text-color has-white-color\">Our training centre\u2019s mission is to help our drivers maintain essential knowledge and skills. Every year, the training team welcomes young graduates from schools around Quebec and opens the door to a world of exciting career opportunities.<\/p>\n\n\n\n<p class=\"has-text-color has-white-color\"><strong>Our training is focused on achieving compliance with Canadian and US laws and regulations.<\/strong><\/p>\n\n\n\n<p class=\"has-text-color has-white-color\"><strong>A sampling of courses available to our drivers <\/strong><\/p>\n\n\n\n<ul class=\"has-white-color has-white-bullet wp-block-list\"><li>Defensive driving <\/li><li>Circle checks <\/li><li>Stowage, loads and dimensions <\/li><li>Customs procedures <\/li><li>Energy savings <\/li><li>Occupational health and safety<\/li><\/ul>\n<\/div>\n<\/div>\n\n\n\n<div style=\"height:50px\" aria-hidden=\"true\" class=\"wp-block-spacer\"><\/div>\n<\/div><\/div>\n<\/div><\/div>\n\n\n\n<div class=\"wp-block-group alignwide has-background home-career full-height parallax\" style=\"background-color:#181818\" id=\"training\"><div class=\"wp-block-group__inner-container is-layout-flow wp-block-group-is-layout-flow\">\n<div class=\"wp-block-columns is-layout-flex wp-container-core-columns-is-layout-9d6595d7 wp-block-columns-is-layout-flex\">\n<div class=\"wp-block-column is-vertically-aligned-center mb-20 is-layout-flow wp-block-column-is-layout-flow\">\n<h2 class=\"has-accent-color has-text-color wp-block-heading\">Join the team!<\/h2>\n\n\n\n<h3 class=\"has-white-color has-text-color mt-40 wp-block-heading\">Drive your career forward with Berni\u00e8res!<\/h3>\n\n\n\n<p class=\"has-text-color has-white-color\">CAREERS<\/p>\n\n\n\n<p class=\"has-text-color has-white-color mt-20\">Do you love driving? Are you bilingual? Do you want to be a part of a cohesive and highly dedicated team with outstanding working conditions? We offer international, intra-Quebec and inter-provincial positions. <\/p>\n\n\n\n<div style=\"height:40px\" aria-hidden=\"true\" class=\"wp-block-spacer\"><\/div>\n\n\n\n<div class=\"wp-block-button is-style-outline is-style-outline--1\"><a class=\"wp-block-button__link has-text-color has-accent-color no-border-radius\" href=\"\/en\/careers\/\">VIEW JOB OPPORTUNITIES<\/a><\/div>\n\n\n\n<p><\/p>\n<\/div>\n\n\n\n<div class=\"wp-block-column is-layout-flow wp-block-column-is-layout-flow\">\n<div class=\"wp-block-image\"><figure class=\"aligncenter size-large\"><img loading=\"lazy\" decoding=\"async\" width=\"509\" height=\"509\" src=\"\/wp-content\/uploads\/2019\/11\/Carriere-employe.png\" alt=\"\" class=\"wp-image-441\" srcset=\"https:\/\/bernieres.ca\/wp-content\/uploads\/2019\/11\/Carriere-employe.png 509w, https:\/\/bernieres.ca\/wp-content\/uploads\/2019\/11\/Carriere-employe-300x300.png 300w, https:\/\/bernieres.ca\/wp-content\/uploads\/2019\/11\/Carriere-employe-150x150.png 150w\" sizes=\"auto, (max-width: 509px) 100vw, 509px\" \/><\/figure><\/div>\n<\/div>\n<\/div>\n<\/div><\/div>\n","protected":false},"excerpt":{"rendered":"<p>MESSAGE FROM THE PRESIDENT \/ COMPANY PROFILE \/ ACCREDITATIONS \/ SAFETY \/ TRAINING \/ CAREERS One destination,your satisfaction guaranteed! A cohesive and highly dedicated team MESSAGE FROM THE PRESIDENT Agility, creativity, determination: My team and I spare no effort in our quest to exceed our customers\u2019 expectations. Because our customers aren\u2019t just customers\u2014they\u2019re our business&hellip;<\/p>\n","protected":false},"author":2,"featured_media":0,"parent":0,"menu_order":20,"comment_status":"closed","ping_status":"closed","template":"","meta":[],"class_list":["post-917","page","type-page","status-publish","hentry","description-off"],"yoast_head":"<!-- This site is optimized with the Yoast SEO plugin v27.1.1 - https:\/\/yoast.com\/product\/yoast-seo-wordpress\/ -->\n<title>Company - Groupe Berni&egrave;res<\/title>\n<meta name=\"description\" content=\"Since 1982, one kilometer at a time, Berni\u00e8res has become one of the most respected carriers in Quebec for goods of all categories throughout America.\" \/>\n<meta name=\"robots\" content=\"index, follow, max-snippet:-1, max-image-preview:large, max-video-preview:-1\" \/>\n<link rel=\"canonical\" href=\"https:\/\/bernieres.ca\/compagnie\/\" \/>\n<meta property=\"og:locale\" content=\"en_US\" \/>\n<meta property=\"og:type\" content=\"article\" \/>\n<meta property=\"og:title\" content=\"Company - Groupe Berni&egrave;res\" \/>\n<meta property=\"og:description\" content=\"Since 1982, one kilometer at a time, Berni\u00e8res has become one of the most respected carriers in Quebec for goods of all categories throughout America.\" \/>\n<meta property=\"og:url\" content=\"https:\/\/bernieres.ca\/compagnie\/\" \/>\n<meta property=\"og:site_name\" content=\"Groupe Berni&egrave;res\" \/>\n<meta property=\"article:publisher\" content=\"https:\/\/www.facebook.com\/TransportBernieres\/\" \/>\n<meta property=\"article:modified_time\" content=\"2020-06-12T12:59:09+00:00\" \/>\n<meta property=\"og:image\" content=\"https:\/\/bernieres.ca\/wp-content\/uploads\/2020\/02\/president-bernieres.jpg\" \/>\n\t<meta property=\"og:image:width\" content=\"640\" \/>\n\t<meta property=\"og:image:height\" content=\"812\" \/>\n\t<meta property=\"og:image:type\" content=\"image\/jpeg\" \/>\n<meta name=\"twitter:card\" content=\"summary_large_image\" \/>\n<meta name=\"twitter:label1\" content=\"Est. reading time\" \/>\n\t<meta name=\"twitter:data1\" content=\"3 minutes\" \/>\n<script type=\"application\/ld+json\" class=\"yoast-schema-graph\">{\"@context\":\"https:\/\/schema.org\",\"@graph\":[{\"@type\":\"WebPage\",\"@id\":\"https:\/\/bernieres.ca\/compagnie\/\",\"url\":\"https:\/\/bernieres.ca\/compagnie\/\",\"name\":\"Company - Groupe Berni&egrave;res\",\"isPartOf\":{\"@id\":\"https:\/\/bernieres.ca\/#website\"},\"primaryImageOfPage\":{\"@id\":\"https:\/\/bernieres.ca\/compagnie\/#primaryimage\"},\"image\":{\"@id\":\"https:\/\/bernieres.ca\/compagnie\/#primaryimage\"},\"thumbnailUrl\":\"http:\/\/bernieres.ca\/wp-content\/uploads\/2020\/02\/president-bernieres.jpg\",\"datePublished\":\"2019-12-04T03:18:08+00:00\",\"dateModified\":\"2020-06-12T12:59:09+00:00\",\"description\":\"Since 1982, one kilometer at a time, Berni\u00e8res has become one of the most respected carriers in Quebec for goods of all categories throughout America.\",\"breadcrumb\":{\"@id\":\"https:\/\/bernieres.ca\/compagnie\/#breadcrumb\"},\"inLanguage\":\"en-US\",\"potentialAction\":[{\"@type\":\"ReadAction\",\"target\":[\"https:\/\/bernieres.ca\/compagnie\/\"]}]},{\"@type\":\"ImageObject\",\"inLanguage\":\"en-US\",\"@id\":\"https:\/\/bernieres.ca\/compagnie\/#primaryimage\",\"url\":\"http:\/\/bernieres.ca\/wp-content\/uploads\/2020\/02\/president-bernieres.jpg\",\"contentUrl\":\"http:\/\/bernieres.ca\/wp-content\/uploads\/2020\/02\/president-bernieres.jpg\"},{\"@type\":\"BreadcrumbList\",\"@id\":\"https:\/\/bernieres.ca\/compagnie\/#breadcrumb\",\"itemListElement\":[{\"@type\":\"ListItem\",\"position\":1,\"name\":\"Home\",\"item\":\"https:\/\/bernieres.ca\/\"},{\"@type\":\"ListItem\",\"position\":2,\"name\":\"Company\"}]},{\"@type\":\"WebSite\",\"@id\":\"https:\/\/bernieres.ca\/#website\",\"url\":\"https:\/\/bernieres.ca\/\",\"name\":\"Groupe Berni\u00e8res\",\"description\":\"Expert du transport et logistique\",\"potentialAction\":[{\"@type\":\"SearchAction\",\"target\":{\"@type\":\"EntryPoint\",\"urlTemplate\":\"https:\/\/bernieres.ca\/?s={search_term_string}\"},\"query-input\":{\"@type\":\"PropertyValueSpecification\",\"valueRequired\":true,\"valueName\":\"search_term_string\"}}],\"inLanguage\":\"en-US\"}]}<\/script>\n<!-- \/ Yoast SEO plugin. -->","yoast_head_json":{"title":"Company - Groupe Berni&egrave;res","description":"Since 1982, one kilometer at a time, Berni\u00e8res has become one of the most respected carriers in Quebec for goods of all categories throughout America.","robots":{"index":"index","follow":"follow","max-snippet":"max-snippet:-1","max-image-preview":"max-image-preview:large","max-video-preview":"max-video-preview:-1"},"canonical":"https:\/\/bernieres.ca\/compagnie\/","og_locale":"en_US","og_type":"article","og_title":"Company - Groupe Berni&egrave;res","og_description":"Since 1982, one kilometer at a time, Berni\u00e8res has become one of the most respected carriers in Quebec for goods of all categories throughout America.","og_url":"https:\/\/bernieres.ca\/compagnie\/","og_site_name":"Groupe Berni&egrave;res","article_publisher":"https:\/\/www.facebook.com\/TransportBernieres\/","article_modified_time":"2020-06-12T12:59:09+00:00","og_image":[{"width":640,"height":812,"url":"https:\/\/bernieres.ca\/wp-content\/uploads\/2020\/02\/president-bernieres.jpg","type":"image\/jpeg"}],"twitter_card":"summary_large_image","twitter_misc":{"Est. reading time":"3 minutes"},"schema":{"@context":"https:\/\/schema.org","@graph":[{"@type":"WebPage","@id":"https:\/\/bernieres.ca\/compagnie\/","url":"https:\/\/bernieres.ca\/compagnie\/","name":"Company - Groupe Berni&egrave;res","isPartOf":{"@id":"https:\/\/bernieres.ca\/#website"},"primaryImageOfPage":{"@id":"https:\/\/bernieres.ca\/compagnie\/#primaryimage"},"image":{"@id":"https:\/\/bernieres.ca\/compagnie\/#primaryimage"},"thumbnailUrl":"http:\/\/bernieres.ca\/wp-content\/uploads\/2020\/02\/president-bernieres.jpg","datePublished":"2019-12-04T03:18:08+00:00","dateModified":"2020-06-12T12:59:09+00:00","description":"Since 1982, one kilometer at a time, Berni\u00e8res has become one of the most respected carriers in Quebec for goods of all categories throughout America.","breadcrumb":{"@id":"https:\/\/bernieres.ca\/compagnie\/#breadcrumb"},"inLanguage":"en-US","potentialAction":[{"@type":"ReadAction","target":["https:\/\/bernieres.ca\/compagnie\/"]}]},{"@type":"ImageObject","inLanguage":"en-US","@id":"https:\/\/bernieres.ca\/compagnie\/#primaryimage","url":"http:\/\/bernieres.ca\/wp-content\/uploads\/2020\/02\/president-bernieres.jpg","contentUrl":"http:\/\/bernieres.ca\/wp-content\/uploads\/2020\/02\/president-bernieres.jpg"},{"@type":"BreadcrumbList","@id":"https:\/\/bernieres.ca\/compagnie\/#breadcrumb","itemListElement":[{"@type":"ListItem","position":1,"name":"Home","item":"https:\/\/bernieres.ca\/"},{"@type":"ListItem","position":2,"name":"Company"}]},{"@type":"WebSite","@id":"https:\/\/bernieres.ca\/#website","url":"https:\/\/bernieres.ca\/","name":"Groupe Berni\u00e8res","description":"Expert du transport et logistique","potentialAction":[{"@type":"SearchAction","target":{"@type":"EntryPoint","urlTemplate":"https:\/\/bernieres.ca\/?s={search_term_string}"},"query-input":{"@type":"PropertyValueSpecification","valueRequired":true,"valueName":"search_term_string"}}],"inLanguage":"en-US"}]}},"_links":{"self":[{"href":"https:\/\/bernieres.ca\/en\/wp-json\/wp\/v2\/pages\/917","targetHints":{"allow":["GET"]}}],"collection":[{"href":"https:\/\/bernieres.ca\/en\/wp-json\/wp\/v2\/pages"}],"about":[{"href":"https:\/\/bernieres.ca\/en\/wp-json\/wp\/v2\/types\/page"}],"author":[{"embeddable":true,"href":"https:\/\/bernieres.ca\/en\/wp-json\/wp\/v2\/users\/2"}],"replies":[{"embeddable":true,"href":"https:\/\/bernieres.ca\/en\/wp-json\/wp\/v2\/comments?post=917"}],"version-history":[{"count":52,"href":"https:\/\/bernieres.ca\/en\/wp-json\/wp\/v2\/pages\/917\/revisions"}],"predecessor-version":[{"id":1934,"href":"https:\/\/bernieres.ca\/en\/wp-json\/wp\/v2\/pages\/917\/revisions\/1934"}],"wp:attachment":[{"href":"https:\/\/bernieres.ca\/en\/wp-json\/wp\/v2\/media?parent=917"}],"curies":[{"name":"wp","href":"https:\/\/api.w.org\/{rel}","templated":true}]}}